{"id":88460,"date":"2021-04-03T14:44:42","date_gmt":"2021-04-03T14:44:42","guid":{"rendered":"https:\/\/oskvana.com\/?page_id=88460"},"modified":"2021-09-07T08:45:12","modified_gmt":"2021-09-07T08:45:12","slug":"supplementary-products","status":"publish","type":"page","link":"https:\/\/oskvana.com\/tr\/products\/supplementary-products\/","title":{"rendered":"Di\u011fer \u00dcr\u00fcnlerimiz"},"content":{"rendered":"<p>[vc_row row_height_percent=&#8221;0&#8243; override_padding=&#8221;yes&#8221; h_padding=&#8221;2&#8243; top_padding=&#8221;0&#8243; bottom_padding=&#8221;1&#8243; back_color=&#8221;color-xsdn&#8221; overlay_alpha=&#8221;50&#8243; gutter_size=&#8221;3&#8243; column_width_percent=&#8221;100&#8243; shift_y=&#8221;0&#8243; z_index=&#8221;0&#8243; shape_dividers=&#8221;&#8221;][vc_column column_width_percent=&#8221;100&#8243; gutter_size=&#8221;2&#8243; overlay_alpha=&#8221;50&#8243; shift_x=&#8221;0&#8243; shift_y=&#8221;0&#8243; shift_y_down=&#8221;0&#8243; z_index=&#8221;0&#8243; medium_width=&#8221;0&#8243; mobile_width=&#8221;0&#8243; width=&#8221;1\/1&#8243;][vc_separator sep_color=&#8221;color-gyho&#8221; el_height=&#8221;0&#8243; el_class=&#8221;custom-margin-top-for-divider&#8221;][vc_raw_html]JTNDc3BhbiUyMGNsYXNzJTNEJTIyY3VzdG9tLWJyZWFkY3J1bWIlMjIlM0UlM0NhJTIwaHJlZiUzRCUyMmh0dHBzJTNBJTJGJTJGb3NrdmFuYS5jb20lMjIlM0VBbmFzYXlmYSUzQyUyRmElM0UlMjAlMkYlMjAlM0NhJTIwaHJlZiUzRCUyMmh0dHBzJTNBJTJGJTJGb3NrdmFuYS5jb20lMkZwcm9kdWN0cyUyRiUyMiUzRSVDMyU5Q3IlQzMlQkNubGVyJTNDJTJGYSUzRSUzQ3NwYW4lMjBzdHlsZSUzRCUyMmZvbnQtd2VpZ2h0JTNBYm9sZCUzQiUyMGNvbG9yJTNBJTIzMDA2Y2ZmJTNCJTIyJTNFJTIwJTJGJTIwRGklQzQlOUZlciUyMCVDMyU5Q3IlQzMlQkNubGVyaW1peiUzQyUyRnNwYW4lM0U=[\/vc_raw_html][vc_separator sep_color=&#8221;color-gyho&#8221; el_height=&#8221;0&#8243; el_class=&#8221;custom-margin-top-for-divider&#8221;][\/vc_column][\/vc_row][vc_row unlock_row_content=&#8221;yes&#8221; row_height_percent=&#8221;0&#8243; override_padding=&#8221;yes&#8221; h_padding=&#8221;2&#8243; top_padding=&#8221;2&#8243; bottom_padding=&#8221;2&#8243; back_color=&#8221;color-gyho&#8221; overlay_alpha=&#8221;0&#8243; gutter_size=&#8221;3&#8243; column_width_percent=&#8221;100&#8243; shift_y=&#8221;0&#8243; z_index=&#8221;0&#8243;][vc_column width=&#8221;1\/1&#8243;][uncode_index el_id=&#8221;index-645415&#8243; isotope_mode=&#8221;fitRows&#8221; loop=&#8221;size:All|order_by:title|order:ASC|post_type:post|categories:179|taxonomy_count:10&#8243; gutter_size=&#8221;2&#8243; post_items=&#8221;media|featured|onpost|original,title&#8221; screen_lg=&#8221;1000&#8243; screen_md=&#8221;600&#8243; screen_sm=&#8221;480&#8243; single_text=&#8221;overlay&#8221; single_width=&#8221;3&#8243; single_style=&#8221;dark&#8221; single_back_color=&#8221;color-xsdn&#8221; single_overlay_color=&#8221;color-jevc&#8221; single_overlay_opacity=&#8221;15&#8243; single_text_visible=&#8221;yes&#8221; single_text_anim=&#8221;no&#8221; single_image_anim=&#8221;no&#8221; single_v_position=&#8221;bottom&#8221; single_padding=&#8221;1&#8243; single_title_dimension=&#8221;h6&#8243; single_title_weight=&#8221;500&#8243; single_border=&#8221;yes&#8221; lbox_title=&#8221;yes&#8221; lbox_caption=&#8221;yes&#8221; lbox_social=&#8221;yes&#8221; lbox_deep=&#8221;yes&#8221; no_double_tap=&#8221;yes&#8221;][\/vc_column][\/vc_row]<\/p>","protected":false},"excerpt":{"rendered":"<p>[vc_row row_height_percent=&#8221;0&#8243; override_padding=&#8221;yes&#8221; h_padding=&#8221;2&#8243; top_padding=&#8221;0&#8243; bottom_padding=&#8221;1&#8243; back_color=&#8221;color-xsdn&#8221; overlay_alpha=&#8221;50&#8243; gutter_size=&#8221;3&#8243; column_width_percent=&#8221;100&#8243; shift_y=&#8221;0&#8243; z_index=&#8221;0&#8243; shape_dividers=&#8221;&#8221;][vc_column column_width_percent=&#8221;100&#8243; gutter_size=&#8221;2&#8243; overlay_alpha=&#8221;50&#8243; shift_x=&#8221;0&#8243; shift_y=&#8221;0&#8243; shift_y_down=&#8221;0&#8243; z_index=&#8221;0&#8243; [&hellip;]<\/p>\n","protected":false},"author":2,"featured_media":0,"parent":87960,"menu_order":0,"comment_status":"closed","ping_status":"closed","template":"","meta":{"nf_dc_page":"","footnotes":""},"class_list":["post-88460","page","type-page","status-publish","hentry","page_category-products"],"jetpack_sharing_enabled":true,"_links":{"self":[{"href":"https:\/\/oskvana.com\/tr\/wp-json\/wp\/v2\/pages\/88460","targetHints":{"allow":["GET"]}}],"collection":[{"href":"https:\/\/oskvana.com\/tr\/wp-json\/wp\/v2\/pages"}],"about":[{"href":"https:\/\/oskvana.com\/tr\/wp-json\/wp\/v2\/types\/page"}],"author":[{"embeddable":true,"href":"https:\/\/oskvana.com\/tr\/wp-json\/wp\/v2\/users\/2"}],"replies":[{"embeddable":true,"href":"https:\/\/oskvana.com\/tr\/wp-json\/wp\/v2\/comments?post=88460"}],"version-history":[{"count":5,"href":"https:\/\/oskvana.com\/tr\/wp-json\/wp\/v2\/pages\/88460\/revisions"}],"predecessor-version":[{"id":88701,"href":"https:\/\/oskvana.com\/tr\/wp-json\/wp\/v2\/pages\/88460\/revisions\/88701"}],"up":[{"embeddable":true,"href":"https:\/\/oskvana.com\/tr\/wp-json\/wp\/v2\/pages\/87960"}],"wp:attachment":[{"href":"https:\/\/oskvana.com\/tr\/wp-json\/wp\/v2\/media?parent=88460"}],"curies":[{"name":"wp","href":"https:\/\/api.w.org\/{rel}","templated":true}]}}