{"id":88060,"date":"2021-03-24T09:06:25","date_gmt":"2021-03-24T09:06:25","guid":{"rendered":"https:\/\/oskvana.com\/?page_id=88060"},"modified":"2021-09-07T08:11:18","modified_gmt":"2021-09-07T08:11:18","slug":"about-us","status":"publish","type":"page","link":"https:\/\/oskvana.com\/tr\/about-us\/","title":{"rendered":"Hakk\u0131m\u0131zda"},"content":{"rendered":"<p>[vc_row row_height_percent=&#8221;0&#8243; override_padding=&#8221;yes&#8221; h_padding=&#8221;1&#8243; top_padding=&#8221;2&#8243; bottom_padding=&#8221;2&#8243; overlay_alpha=&#8221;50&#8243; gutter_size=&#8221;3&#8243; column_width_percent=&#8221;100&#8243; shift_y=&#8221;0&#8243; z_index=&#8221;0&#8243;][vc_column column_width_percent=&#8221;100&#8243; gutter_size=&#8221;3&#8243; override_padding=&#8221;yes&#8221; column_padding=&#8221;4&#8243; overlay_alpha=&#8221;50&#8243; shift_x=&#8221;0&#8243; shift_y=&#8221;0&#8243; shift_y_down=&#8221;0&#8243; z_index=&#8221;0&#8243; medium_width=&#8221;0&#8243; mobile_width=&#8221;0&#8243; width=&#8221;1\/1&#8243;][vc_tabs el_class=&#8221;anchor-justify&#8221;][vc_tab title=&#8221;Manifesto&#8221; tab_id=&#8221;1587712727-1-17&#8243;][vc_column_text]O.S.K. \u00c7AVU\u015eYAN Vana \u00fcretimde y\u00fcksek kalite anlay\u0131\u015f\u0131n\u0131n yan\u0131s\u0131ra, g\u00fcvenilir standartlara sahiptir ve teslimat zaman\u0131na daima sad\u0131kt\u0131r. Firmam\u0131z m\u00fckemmeli hedefleyen anlay\u0131\u015f\u0131yla vana sekt\u00f6r\u00fcnde sayg\u0131n bir kurum ve marka olarak tan\u0131nmaktad\u0131r.[\/vc_column_text][\/vc_tab][vc_tab gutter_size=&#8221;2&#8243; column_padding=&#8221;2&#8243; title=&#8221;Misyonumuz&#8221; tab_id=&#8221;1587712727-2-96&#8243;][vc_column_text]Kuruldu\u011fu g\u00fcnden bu yana d\u00fcr\u00fcst \u00e7al\u0131\u015fmay\u0131 kendine ilke edinmi\u015f olan O.S.K. \u00c7AVU\u015eYAN Vana Sanayi Ltd. \u015eti., \u00fcr\u00fcnlerinde daima ulusal ve uluslararas\u0131 standartlar\u0131 g\u00f6zetmektedir. \u015eirketimiz, g\u00fcn\u00fcm\u00fcz geli\u015fmelerine ve taleplere uygun yeni ve cesur \u00e7\u00f6z\u00fcmler \u00fcretmekte, \u00fcretim sonras\u0131nda \u00fcr\u00fcnlerinin sorumlulu\u011funu ta\u015f\u0131maktad\u0131r.[\/vc_column_text][\/vc_tab][vc_tab gutter_size=&#8221;2&#8243; column_padding=&#8221;2&#8243; title=&#8221;Vizyonumuz&#8221; tab_id=&#8221;1587712964907-2-6&#8243;][vc_column_text]Aile \u015firketi gelene\u011fini halen s\u00fcrd\u00fcrmekte olan firmam\u0131z\u0131n politikas\u0131, m\u00fc\u015fterilerine daima daha y\u00fcksek kaliteyi sunmakt\u0131r. Markam\u0131z\u0131 tercih etmenizin nedeni olan bu de\u011ferlere, ge\u00e7mi\u015fimizde oldu\u011fu gibi g\u00fcn\u00fcm\u00fczde de sad\u0131k kalmaya \u00f6zen g\u00f6stermekteyiz.[\/vc_column_text][\/vc_tab][\/vc_tabs][\/vc_column][\/vc_row][vc_row unlock_row_content=&#8221;yes&#8221; row_height_percent=&#8221;0&#8243; override_padding=&#8221;yes&#8221; h_padding=&#8221;0&#8243; top_padding=&#8221;0&#8243; bottom_padding=&#8221;0&#8243; overlay_alpha=&#8221;50&#8243; equal_height=&#8221;yes&#8221; gutter_size=&#8221;0&#8243; column_width_percent=&#8221;100&#8243; shift_y=&#8221;0&#8243; z_index=&#8221;0&#8243; row_height_pixel=&#8221;500&#8243;][vc_column column_width_percent=&#8221;100&#8243; position_vertical=&#8221;middle&#8221; gutter_size=&#8221;3&#8243; override_padding=&#8221;yes&#8221; column_padding=&#8221;4&#8243; back_color=&#8221;color-jevc&#8221; overlay_alpha=&#8221;50&#8243; shift_x=&#8221;0&#8243; shift_y=&#8221;0&#8243; shift_y_down=&#8221;0&#8243; z_index=&#8221;0&#8243; medium_width=&#8221;0&#8243; mobile_width=&#8221;0&#8243; width=&#8221;1\/3&#8243;][vc_custom_heading heading_semantic=&#8221;h3&#8243; text_size=&#8221;h1&#8243; text_weight=&#8221;900&#8243; text_space=&#8221;fontspace-781688&#8243; text_color=&#8221;color-xsdn&#8221; separator=&#8221;yes&#8221; separator_color=&#8221;yes&#8221;]NE YAPIYORUZ ?[\/vc_custom_heading][vc_column_text text_lead=&#8221;yes&#8221;]<span style=\"color: #ffffff;\">Evde kullan\u0131lan vana ve musluk \u00fcretimiyle i\u015fe ba\u015flayan O.S.K. \u00c7AVU\u015eYAN Vana Sanayi ve Ticaret Ltd. \u015eti., g\u00fcn\u00fcm\u00fczde gemi ve akaryak\u0131t vanalar\u0131n\u0131n yan\u0131s\u0131ra trafo ya\u011f vanalar\u0131 da \u00fcretmektedir. \u0130malatlar\u0131m\u0131z aras\u0131nda; uluslararas\u0131 DIN, JIS ve ANSI normlar\u0131na uygun; s\u00fcrg\u00fcl\u00fc vana, glob vana, yang\u0131n vanas\u0131, ya\u011f bo\u015faltma muslu\u011fu, trafo ya\u011f vanalar\u0131, pislik tutucu, flan\u015f ve bronz fittings bulunur. M\u00fc\u015fterilerimizin ihtiya\u00e7lar\u0131na uygun kaliteli ve g\u00fcvenilir \u00e7\u00f6z\u00fcmler \u00fcretmeyi ama\u00e7lamaktay\u0131z.<\/span>[\/vc_column_text][\/vc_column][vc_column column_width_percent=&#8221;100&#8243; gutter_size=&#8221;3&#8243; back_image=&#8221;88803&#8243; overlay_alpha=&#8221;50&#8243; shift_x=&#8221;0&#8243; shift_y=&#8221;0&#8243; shift_y_down=&#8221;0&#8243; z_index=&#8221;0&#8243; medium_width=&#8221;0&#8243; mobile_width=&#8221;0&#8243; width=&#8221;2\/3&#8243; mobile_height=&#8221;300&#8243;][\/vc_column][\/vc_row][vc_row unlock_row_content=&#8221;yes&#8221; row_height_percent=&#8221;0&#8243; override_padding=&#8221;yes&#8221; h_padding=&#8221;0&#8243; top_padding=&#8221;0&#8243; bottom_padding=&#8221;0&#8243; overlay_alpha=&#8221;50&#8243; equal_height=&#8221;yes&#8221; gutter_size=&#8221;0&#8243; column_width_percent=&#8221;100&#8243; shift_y=&#8221;0&#8243; z_index=&#8221;0&#8243; row_height_pixel=&#8221;500&#8243;][vc_column column_width_percent=&#8221;100&#8243; position_vertical=&#8221;middle&#8221; gutter_size=&#8221;3&#8243; override_padding=&#8221;yes&#8221; column_padding=&#8221;4&#8243; overlay_alpha=&#8221;50&#8243; shift_x=&#8221;0&#8243; shift_y=&#8221;0&#8243; shift_y_down=&#8221;0&#8243; z_index=&#8221;0&#8243; medium_width=&#8221;0&#8243; mobile_width=&#8221;0&#8243; width=&#8221;1\/3&#8243;][vc_custom_heading heading_semantic=&#8221;h3&#8243; text_size=&#8221;h1&#8243; text_weight=&#8221;900&#8243; text_space=&#8221;fontspace-781688&#8243; separator=&#8221;yes&#8221; separator_color=&#8221;yes&#8221;]NASIL YAPIYORUZ ?[\/vc_custom_heading][vc_column_text text_lead=&#8221;yes&#8221;]T\u00fcm O.S.K \u00c7avu\u015fyan Vana \u00fcr\u00fcnleri kaliteli ve g\u00fcvenilirdir. \u015eirketimiz ara\u015ft\u0131rma ve geli\u015ftirmeye s\u00fcrekli yat\u0131r\u0131m yaparak ve ulusal ve uluslararas\u0131 teknik standartlar\u0131 takip ederek, \u00fcr\u00fcnlerin s\u00fcrekli geli\u015fmesini ve yeni \u00fcr\u00fcnlerin \u00fcretilmesini g\u00f6zetir.[\/vc_column_text][\/vc_column][vc_column column_width_percent=&#8221;100&#8243; gutter_size=&#8221;3&#8243; back_image=&#8221;88805&#8243; overlay_alpha=&#8221;50&#8243; shift_x=&#8221;0&#8243; shift_y=&#8221;0&#8243; shift_y_down=&#8221;0&#8243; z_index=&#8221;0&#8243; medium_width=&#8221;0&#8243; mobile_width=&#8221;0&#8243; width=&#8221;2\/3&#8243; mobile_height=&#8221;300&#8243;][\/vc_column][\/vc_row][vc_row unlock_row_content=&#8221;yes&#8221; row_height_percent=&#8221;0&#8243; override_padding=&#8221;yes&#8221; h_padding=&#8221;0&#8243; top_padding=&#8221;0&#8243; bottom_padding=&#8221;0&#8243; overlay_alpha=&#8221;100&#8243; gutter_size=&#8221;0&#8243; style=&#8221;inherited&#8221;][\/vc_row][vc_row unlock_row_content=&#8221;yes&#8221; row_height_percent=&#8221;0&#8243; override_padding=&#8221;yes&#8221; h_padding=&#8221;0&#8243; top_padding=&#8221;0&#8243; bottom_padding=&#8221;0&#8243; overlay_alpha=&#8221;50&#8243; equal_height=&#8221;yes&#8221; gutter_size=&#8221;0&#8243; shift_y=&#8221;0&#8243;][\/vc_row][vc_row unlock_row_content=&#8221;yes&#8221; row_height_percent=&#8221;0&#8243; override_padding=&#8221;yes&#8221; h_padding=&#8221;0&#8243; top_padding=&#8221;0&#8243; bottom_padding=&#8221;0&#8243; overlay_alpha=&#8221;100&#8243; gutter_size=&#8221;0&#8243; column_width_percent=&#8221;100&#8243; shift_y=&#8221;0&#8243; z_index=&#8221;0&#8243; style=&#8221;inherited&#8221;][vc_column column_width_percent=&#8221;100&#8243; gutter_size=&#8221;3&#8243; font_family=&#8221;font-762333&#8243; overlay_alpha=&#8221;50&#8243; shift_x=&#8221;0&#8243; shift_y=&#8221;0&#8243; z_index=&#8221;0&#8243; medium_width=&#8221;0&#8243; width=&#8221;1\/1&#8243;][\/vc_column][\/vc_row][vc_row unlock_row_content=&#8221;yes&#8221; row_height_percent=&#8221;0&#8243; override_padding=&#8221;yes&#8221; h_padding=&#8221;0&#8243; top_padding=&#8221;0&#8243; bottom_padding=&#8221;0&#8243; overlay_alpha=&#8221;50&#8243; equal_height=&#8221;yes&#8221; gutter_size=&#8221;0&#8243; column_width_percent=&#8221;100&#8243; shift_y=&#8221;0&#8243; z_index=&#8221;0&#8243; el_class=&#8221;inverted-device-order&#8221; row_height_pixel=&#8221;500&#8243;][vc_column column_width_percent=&#8221;100&#8243; gutter_size=&#8221;3&#8243; back_image=&#8221;88798&#8243; overlay_alpha=&#8221;50&#8243; shift_x=&#8221;0&#8243; shift_y=&#8221;0&#8243; shift_y_down=&#8221;0&#8243; z_index=&#8221;0&#8243; medium_width=&#8221;0&#8243; mobile_width=&#8221;0&#8243; width=&#8221;2\/3&#8243; mobile_height=&#8221;300&#8243; el_class=&#8221;inverted-order-device&#8221;][\/vc_column][vc_column column_width_percent=&#8221;100&#8243; position_vertical=&#8221;middle&#8221; gutter_size=&#8221;3&#8243; override_padding=&#8221;yes&#8221; column_padding=&#8221;4&#8243; back_color=&#8221;color-jevc&#8221; overlay_alpha=&#8221;50&#8243; shift_x=&#8221;0&#8243; shift_y=&#8221;0&#8243; shift_y_down=&#8221;0&#8243; z_index=&#8221;0&#8243; medium_width=&#8221;0&#8243; mobile_width=&#8221;0&#8243; width=&#8221;1\/3&#8243;][vc_custom_heading heading_semantic=&#8221;h3&#8243; text_size=&#8221;h1&#8243; text_weight=&#8221;900&#8243; text_space=&#8221;fontspace-781688&#8243; text_color=&#8221;color-xsdn&#8221; separator=&#8221;yes&#8221; separator_color=&#8221;yes&#8221;]DE\u011eERLER\u0130M\u0130Z[\/vc_custom_heading][vc_column_text text_lead=&#8221;yes&#8221;]<span style=\"color: #ffffff;\">O.S.K \u00c7avu\u015fyan Vana\u2019n\u0131n ba\u015far\u0131s\u0131n\u0131n temelinde, \u00fcretimde kalite ve \u00fcretim sonras\u0131nda sorumluluk anlay\u0131\u015f\u0131 yer almaktad\u0131r. D\u00fcr\u00fcstl\u00fck, sayg\u0131, iyi ileti\u015fim ve s\u00fcrekli geli\u015fim de\u011ferlerinin \u0131\u015f\u0131\u011f\u0131nda ulusal ve uluslararas\u0131 m\u00fc\u015fterilere y\u00fcksek kaliteli hizmet sunan O.S.K \u00c7avu\u015fyan Vana, m\u00fc\u015fteri memnuniyeti odakl\u0131 geli\u015fimi hedefler.<\/span>[\/vc_column_text][\/vc_column][\/vc_row][vc_row unlock_row_content=&#8221;yes&#8221; row_height_percent=&#8221;0&#8243; override_padding=&#8221;yes&#8221; h_padding=&#8221;0&#8243; top_padding=&#8221;0&#8243; bottom_padding=&#8221;0&#8243; overlay_alpha=&#8221;50&#8243; equal_height=&#8221;yes&#8221; gutter_size=&#8221;0&#8243; column_width_percent=&#8221;100&#8243; shift_y=&#8221;0&#8243; z_index=&#8221;0&#8243; el_class=&#8221;inverted-device-order&#8221; row_height_pixel=&#8221;500&#8243;][vc_column column_width_percent=&#8221;100&#8243; gutter_size=&#8221;3&#8243; back_image=&#8221;88801&#8243; overlay_alpha=&#8221;50&#8243; shift_x=&#8221;0&#8243; shift_y=&#8221;0&#8243; shift_y_down=&#8221;0&#8243; z_index=&#8221;0&#8243; medium_width=&#8221;0&#8243; mobile_width=&#8221;0&#8243; width=&#8221;2\/3&#8243; mobile_height=&#8221;300&#8243; el_class=&#8221;inverted-order-device&#8221;][\/vc_column][vc_column column_width_percent=&#8221;100&#8243; position_vertical=&#8221;middle&#8221; gutter_size=&#8221;3&#8243; override_padding=&#8221;yes&#8221; column_padding=&#8221;4&#8243; overlay_alpha=&#8221;50&#8243; shift_x=&#8221;0&#8243; shift_y=&#8221;0&#8243; shift_y_down=&#8221;0&#8243; z_index=&#8221;0&#8243; medium_width=&#8221;0&#8243; mobile_width=&#8221;0&#8243; width=&#8221;1\/3&#8243;][vc_custom_heading heading_semantic=&#8221;h3&#8243; text_size=&#8221;h1&#8243; text_weight=&#8221;900&#8243; text_space=&#8221;fontspace-781688&#8243; separator=&#8221;yes&#8221; separator_color=&#8221;yes&#8221;]G\u00dc\u00c7L\u00dc \u0130LET\u0130\u015e\u0130M[\/vc_custom_heading][vc_column_text text_lead=&#8221;yes&#8221;]D\u00fcr\u00fcst ve a\u00e7\u0131k bir ileti\u015fimin etkili ve ba\u015far\u0131l\u0131 bir i\u015fletmenin temel \u00f6zellikleri aras\u0131nda oldu\u011funa inan\u0131yoruz. Bu nedenle hem \u00e7al\u0131\u015fanlar\u0131m\u0131z hem de m\u00fc\u015fterilerimizle a\u00e7\u0131k ileti\u015fimi te\u015fvik ediyoruz.[\/vc_column_text][\/vc_column][\/vc_row]<\/p>","protected":false},"excerpt":{"rendered":"<p>[vc_row row_height_percent=&#8221;0&#8243; override_padding=&#8221;yes&#8221; h_padding=&#8221;1&#8243; top_padding=&#8221;2&#8243; bottom_padding=&#8221;2&#8243; overlay_alpha=&#8221;50&#8243; gutter_size=&#8221;3&#8243; column_width_percent=&#8221;100&#8243; shift_y=&#8221;0&#8243; z_index=&#8221;0&#8243;][vc_column column_width_percent=&#8221;100&#8243; gutter_size=&#8221;3&#8243; override_padding=&#8221;yes&#8221; column_padding=&#8221;4&#8243; overlay_alpha=&#8221;50&#8243; shift_x=&#8221;0&#8243; shift_y=&#8221;0&#8243; shift_y_down=&#8221;0&#8243; z_index=&#8221;0&#8243; [&hellip;]<\/p>\n","protected":false},"author":2,"featured_media":0,"parent":0,"menu_order":0,"comment_status":"closed","ping_status":"closed","template":"","meta":{"nf_dc_page":"","footnotes":""},"class_list":["post-88060","page","type-page","status-publish","hentry"],"jetpack_sharing_enabled":true,"_links":{"self":[{"href":"https:\/\/oskvana.com\/tr\/wp-json\/wp\/v2\/pages\/88060","targetHints":{"allow":["GET"]}}],"collection":[{"href":"https:\/\/oskvana.com\/tr\/wp-json\/wp\/v2\/pages"}],"about":[{"href":"https:\/\/oskvana.com\/tr\/wp-json\/wp\/v2\/types\/page"}],"author":[{"embeddable":true,"href":"https:\/\/oskvana.com\/tr\/wp-json\/wp\/v2\/users\/2"}],"replies":[{"embeddable":true,"href":"https:\/\/oskvana.com\/tr\/wp-json\/wp\/v2\/comments?post=88060"}],"version-history":[{"count":5,"href":"https:\/\/oskvana.com\/tr\/wp-json\/wp\/v2\/pages\/88060\/revisions"}],"predecessor-version":[{"id":88942,"href":"https:\/\/oskvana.com\/tr\/wp-json\/wp\/v2\/pages\/88060\/revisions\/88942"}],"wp:attachment":[{"href":"https:\/\/oskvana.com\/tr\/wp-json\/wp\/v2\/media?parent=88060"}],"curies":[{"name":"wp","href":"https:\/\/api.w.org\/{rel}","templated":true}]}}